{"id":660,"date":"2025-10-15T17:50:31","date_gmt":"2025-10-15T15:50:31","guid":{"rendered":"https:\/\/digitalencaux.com\/?page_id=660"},"modified":"2025-10-15T18:00:01","modified_gmt":"2025-10-15T16:00:01","slug":"mentions-legales","status":"publish","type":"page","link":"https:\/\/digitalencaux.com\/index.php\/mentions-legales\/","title":{"rendered":"Mentions l\u00e9gales"},"content":{"rendered":"\n<p><strong>Conform\u00e9ment \u00e0 la loi n\u00b02004-575 du 21 juin 2004 pour la confiance dans l\u2019\u00e9conomie num\u00e9rique<\/strong><\/p>\n\n\n\n<h3 class=\"wp-block-heading\">1. \u00c9diteur du site<\/h3>\n\n\n\n<p><strong>Digital en Caux<\/strong><br>Propri\u00e9taire : <strong>Erwan Quiniou<\/strong> &#8211; EI<br>Statut : Auto-entrepreneur<br>SIRET : <strong>940 850 191 00013<\/strong><br>Adresse : <strong>85 <\/strong><br>Email : digitalencaux@gmail.com<\/p>\n\n\n\n<h3 class=\"wp-block-heading\">2. H\u00e9bergeur<\/h3>\n\n\n\n<p><strong>OVH SAS<\/strong><br>2 rue Kellermann<br>59100 Roubaix \u2013 France<br>T\u00e9l. : 09 72 10 10 07<br>Site web : <a>www.ovh.com<\/a><\/p>\n\n\n\n<h3 class=\"wp-block-heading\">3. Propri\u00e9t\u00e9 intellectuelle<\/h3>\n\n\n\n<p>Tout le contenu du site (textes, images, graphismes, logos, ic\u00f4nes, vid\u00e9os, etc.) est la propri\u00e9t\u00e9 exclusive d\u2019<strong>Erwan Quiniou<\/strong>, sauf mention contraire.<br>Toute reproduction totale ou partielle sans autorisation pr\u00e9alable est interdite.<\/p>\n\n\n\n<h3 class=\"wp-block-heading\">4. Donn\u00e9es personnelles<\/h3>\n\n\n\n<p>Les informations collect\u00e9es via le formulaire de contact sont destin\u00e9es uniquement \u00e0 <strong>Digital en Caux<\/strong> pour r\u00e9pondre aux demandes.<br>Elles ne sont jamais revendues ni transmises \u00e0 des tiers.<br>Pour plus d\u2019informations, consultez la <strong>Politique de confidentialit\u00e9<\/strong>.<\/p>\n\n\n\n<h3 class=\"wp-block-heading\">5. Limitation de responsabilit\u00e9<\/h3>\n\n\n\n<p>L\u2019\u00e9diteur ne pourra \u00eatre tenu responsable des dommages directs ou indirects r\u00e9sultant de l\u2019utilisation du site, notamment en cas d\u2019interruption ou d\u2019erreur.<\/p>\n","protected":false},"excerpt":{"rendered":"<p>Conform\u00e9ment \u00e0 la loi n\u00b02004-575 du 21 juin 2004 pour la confiance dans l\u2019\u00e9conomie num\u00e9rique 1. \u00c9diteur du site Digital en CauxPropri\u00e9taire : Erwan Quiniou &#8211; EIStatut : Auto-entrepreneurSIRET :&#8230;<\/p>\n","protected":false},"author":1,"featured_media":0,"parent":0,"menu_order":0,"comment_status":"closed","ping_status":"closed","template":"","meta":{"footnotes":""},"class_list":["post-660","page","type-page","status-publish"],"yoast_head":"<!-- This site is optimized with the Yoast SEO plugin v26.0 - https:\/\/yoast.com\/wordpress\/plugins\/seo\/ -->\n<title>Mentions l\u00e9gales - Digital en Caux<\/title>\n<meta name=\"robots\" content=\"index, follow, max-snippet:-1, max-image-preview:large, max-video-preview:-1\" \/>\n<link rel=\"canonical\" href=\"https:\/\/digitalencaux.com\/index.php\/mentions-legales\/\" \/>\n<meta property=\"og:locale\" content=\"en_US\" \/>\n<meta property=\"og:type\" content=\"article\" \/>\n<meta property=\"og:title\" content=\"Mentions l\u00e9gales - Digital en Caux\" \/>\n<meta property=\"og:description\" content=\"Conform\u00e9ment \u00e0 la loi n\u00b02004-575 du 21 juin 2004 pour la confiance dans l\u2019\u00e9conomie num\u00e9rique 1. \u00c9diteur du site Digital en CauxPropri\u00e9taire : Erwan Quiniou &#8211; EIStatut : Auto-entrepreneurSIRET :...\" \/>\n<meta property=\"og:url\" content=\"https:\/\/digitalencaux.com\/index.php\/mentions-legales\/\" \/>\n<meta property=\"og:site_name\" content=\"Digital en Caux\" \/>\n<meta property=\"article:modified_time\" content=\"2025-10-15T16:00:01+00:00\" \/>\n<meta name=\"twitter:card\" content=\"summary_large_image\" \/>\n<meta name=\"twitter:label1\" content=\"Est. reading time\" \/>\n\t<meta name=\"twitter:data1\" content=\"1 minute\" \/>\n<script type=\"application\/ld+json\" class=\"yoast-schema-graph\">{\"@context\":\"https:\/\/schema.org\",\"@graph\":[{\"@type\":\"WebPage\",\"@id\":\"https:\/\/digitalencaux.com\/index.php\/mentions-legales\/\",\"url\":\"https:\/\/digitalencaux.com\/index.php\/mentions-legales\/\",\"name\":\"Mentions l\u00e9gales - Digital en Caux\",\"isPartOf\":{\"@id\":\"https:\/\/digitalencaux.com\/#website\"},\"datePublished\":\"2025-10-15T15:50:31+00:00\",\"dateModified\":\"2025-10-15T16:00:01+00:00\",\"breadcrumb\":{\"@id\":\"https:\/\/digitalencaux.com\/index.php\/mentions-legales\/#breadcrumb\"},\"inLanguage\":\"en-US\",\"potentialAction\":[{\"@type\":\"ReadAction\",\"target\":[\"https:\/\/digitalencaux.com\/index.php\/mentions-legales\/\"]}]},{\"@type\":\"BreadcrumbList\",\"@id\":\"https:\/\/digitalencaux.com\/index.php\/mentions-legales\/#breadcrumb\",\"itemListElement\":[{\"@type\":\"ListItem\",\"position\":1,\"name\":\"Home\",\"item\":\"https:\/\/digitalencaux.com\/\"},{\"@type\":\"ListItem\",\"position\":2,\"name\":\"Mentions l\u00e9gales\"}]},{\"@type\":\"WebSite\",\"@id\":\"https:\/\/digitalencaux.com\/#website\",\"url\":\"https:\/\/digitalencaux.com\/\",\"name\":\"Digital en Caux\",\"description\":\"Soyez visible !\",\"potentialAction\":[{\"@type\":\"SearchAction\",\"target\":{\"@type\":\"EntryPoint\",\"urlTemplate\":\"https:\/\/digitalencaux.com\/?s={search_term_string}\"},\"query-input\":{\"@type\":\"PropertyValueSpecification\",\"valueRequired\":true,\"valueName\":\"search_term_string\"}}],\"inLanguage\":\"en-US\"}]}<\/script>\n<!-- \/ Yoast SEO plugin. -->","yoast_head_json":{"title":"Mentions l\u00e9gales - Digital en Caux","robots":{"index":"index","follow":"follow","max-snippet":"max-snippet:-1","max-image-preview":"max-image-preview:large","max-video-preview":"max-video-preview:-1"},"canonical":"https:\/\/digitalencaux.com\/index.php\/mentions-legales\/","og_locale":"en_US","og_type":"article","og_title":"Mentions l\u00e9gales - Digital en Caux","og_description":"Conform\u00e9ment \u00e0 la loi n\u00b02004-575 du 21 juin 2004 pour la confiance dans l\u2019\u00e9conomie num\u00e9rique 1. \u00c9diteur du site Digital en CauxPropri\u00e9taire : Erwan Quiniou &#8211; EIStatut : Auto-entrepreneurSIRET :...","og_url":"https:\/\/digitalencaux.com\/index.php\/mentions-legales\/","og_site_name":"Digital en Caux","article_modified_time":"2025-10-15T16:00:01+00:00","twitter_card":"summary_large_image","twitter_misc":{"Est. reading time":"1 minute"},"schema":{"@context":"https:\/\/schema.org","@graph":[{"@type":"WebPage","@id":"https:\/\/digitalencaux.com\/index.php\/mentions-legales\/","url":"https:\/\/digitalencaux.com\/index.php\/mentions-legales\/","name":"Mentions l\u00e9gales - Digital en Caux","isPartOf":{"@id":"https:\/\/digitalencaux.com\/#website"},"datePublished":"2025-10-15T15:50:31+00:00","dateModified":"2025-10-15T16:00:01+00:00","breadcrumb":{"@id":"https:\/\/digitalencaux.com\/index.php\/mentions-legales\/#breadcrumb"},"inLanguage":"en-US","potentialAction":[{"@type":"ReadAction","target":["https:\/\/digitalencaux.com\/index.php\/mentions-legales\/"]}]},{"@type":"BreadcrumbList","@id":"https:\/\/digitalencaux.com\/index.php\/mentions-legales\/#breadcrumb","itemListElement":[{"@type":"ListItem","position":1,"name":"Home","item":"https:\/\/digitalencaux.com\/"},{"@type":"ListItem","position":2,"name":"Mentions l\u00e9gales"}]},{"@type":"WebSite","@id":"https:\/\/digitalencaux.com\/#website","url":"https:\/\/digitalencaux.com\/","name":"Digital en Caux","description":"Soyez visible !","potentialAction":[{"@type":"SearchAction","target":{"@type":"EntryPoint","urlTemplate":"https:\/\/digitalencaux.com\/?s={search_term_string}"},"query-input":{"@type":"PropertyValueSpecification","valueRequired":true,"valueName":"search_term_string"}}],"inLanguage":"en-US"}]}},"_links":{"self":[{"href":"https:\/\/digitalencaux.com\/index.php\/wp-json\/wp\/v2\/pages\/660","targetHints":{"allow":["GET"]}}],"collection":[{"href":"https:\/\/digitalencaux.com\/index.php\/wp-json\/wp\/v2\/pages"}],"about":[{"href":"https:\/\/digitalencaux.com\/index.php\/wp-json\/wp\/v2\/types\/page"}],"author":[{"embeddable":true,"href":"https:\/\/digitalencaux.com\/index.php\/wp-json\/wp\/v2\/users\/1"}],"replies":[{"embeddable":true,"href":"https:\/\/digitalencaux.com\/index.php\/wp-json\/wp\/v2\/comments?post=660"}],"version-history":[{"count":2,"href":"https:\/\/digitalencaux.com\/index.php\/wp-json\/wp\/v2\/pages\/660\/revisions"}],"predecessor-version":[{"id":666,"href":"https:\/\/digitalencaux.com\/index.php\/wp-json\/wp\/v2\/pages\/660\/revisions\/666"}],"wp:attachment":[{"href":"https:\/\/digitalencaux.com\/index.php\/wp-json\/wp\/v2\/media?parent=660"}],"curies":[{"name":"wp","href":"https:\/\/api.w.org\/{rel}","templated":true}]}}